{"id":121,"date":"2008-09-07T11:01:10","date_gmt":"2008-09-07T09:01:10","guid":{"rendered":"http:\/\/www.turbotoons.de\/animationsfilm2\/?page_id=121"},"modified":"2025-03-17T14:41:22","modified_gmt":"2025-03-17T12:41:22","slug":"dozenturen","status":"publish","type":"page","link":"https:\/\/www.animationsfilm.de\/?page_id=121","title":{"rendered":"Dozenturen"},"content":{"rendered":"\n<figure class=\"wp-block-image size-large is-style-default\"><img loading=\"lazy\" decoding=\"async\" width=\"1024\" height=\"768\" src=\"https:\/\/www.animationsfilm.de\/wp-content\/uploads\/2025\/03\/ChangChun2017-1024x768.jpg\" alt=\"\" class=\"wp-image-3789\" srcset=\"https:\/\/www.animationsfilm.de\/wp-content\/uploads\/2025\/03\/ChangChun2017-1024x768.jpg 1024w, https:\/\/www.animationsfilm.de\/wp-content\/uploads\/2025\/03\/ChangChun2017-300x225.jpg 300w, https:\/\/www.animationsfilm.de\/wp-content\/uploads\/2025\/03\/ChangChun2017-768x576.jpg 768w, https:\/\/www.animationsfilm.de\/wp-content\/uploads\/2025\/03\/ChangChun2017-1536x1152.jpg 1536w, https:\/\/www.animationsfilm.de\/wp-content\/uploads\/2025\/03\/ChangChun2017-1870x1403.jpg 1870w, https:\/\/www.animationsfilm.de\/wp-content\/uploads\/2025\/03\/ChangChun2017-400x300.jpg 400w, https:\/\/www.animationsfilm.de\/wp-content\/uploads\/2025\/03\/ChangChun2017-800x600.jpg 800w, https:\/\/www.animationsfilm.de\/wp-content\/uploads\/2025\/03\/ChangChun2017.jpg 2000w\" sizes=\"auto, (max-width: 1024px) 100vw, 1024px\" \/><\/figure>\n\n\n\n<p><strong><a href=\"https:\/\/workshops.animationsfilm.de\/\">zur Webseite &#8211; Workshops mit Markus Wende<\/a><\/strong><\/p>\n\n\n\n<p class=\"has-text-align-left\">Seit 2001 unterrichte ich regelm\u00e4\u00dfig als freier Dozent an Berliner Hochschulen und Gestaltungsschulen praktische und\u00a0 theoretische Lehrgebiete der Animation. Ich habe u.a. an der DEKRA-Medienakademie, an der Mediadesign Hochschule (MD.H) und an der German Filmschool gearbeitet. Von 2008 bis 2018 war ich als k\u00fcnstlerischer Mitarbeiter an der Filmuniversit\u00e4t Babelsberg f\u00fcr den gesamten Bereich der digitalen 2D-Animation zust\u00e4ndig. Seit Anfang 2018 bringe ich den Sch\u00fcler*innen der Kunstschule Berlin im Prenzlauer Berg ganzheitlich Animation bei. Seit 2017 bin ich zudem Gastprofesser f\u00fcr Animation an der Jilin University of Fine Arts in Changchun (China).<\/p>\n\n\n\n<p class=\"has-text-align-left\">Mein Unterricht verbindet immer theoretische Aspekte der Animation mit praktischer Anwendung, die weit \u00fcber Standard\u00fcbungen hinausgeht. Ziel meines Ansatzes, Animation ganzheitlich zu unterrichten ist immer die Umsetzung pers\u00f6nlich k\u00fcnstlerischer Animationsprojekte von Demoreels bis hin zu Kurzfilmen. Die Prinzipien der Animation werden dabei ebenso behandelt, wie Kreativtechniken, um Geschichten zu entwickeln. Neben technischen Workflows zur Umsetzung finden sich auch Aspekte des Sounddesigns und der Sprachaufnahme in meinen Seminaren und Workshops.<\/p>\n\n\n\n<p class=\"has-text-align-left\">Ich bin Animator und K\u00fcnstler mit Herz und Seele und habe das Anliegen, aus dieser Position heraus interessierte Menschen nicht nur anzuleiten, sondern auch zu inspirieren. Die Begegnung auf Augenh\u00f6he ist mir dabei ebenso wichtig, wie ein gleichberechtigter Umgang miteinander, der ohne Diskriminierung aufgrund des Geschlechts, der sexuellen Ausrichtung, der Herkunft oder der Religion auskommt.<\/p>\n\n\n\n<ul class=\"wp-block-list\"><\/ul>\n\n\n\n<p><\/p>\n","protected":false},"excerpt":{"rendered":"<p>zur Webseite &#8211; Workshops mit Markus Wende Seit 2001 unterrichte ich regelm\u00e4\u00dfig als freier Dozent an Berliner Hochschulen und Gestaltungsschulen praktische und\u00a0 theoretische Lehrgebiete der Animation. Ich habe u.a. an der DEKRA-Medienakademie, an der Mediadesign Hochschule (MD.H) und an der German Filmschool gearbeitet. Von 2008 bis 2018 war ich als k\u00fcnstlerischer Mitarbeiter an der Filmuniversit\u00e4t [&hellip;]<\/p>\n","protected":false},"author":2,"featured_media":0,"parent":0,"menu_order":1,"comment_status":"closed","ping_status":"closed","template":"","meta":{"footnotes":""},"class_list":["post-121","page","type-page","status-publish","hentry","missing-thumbnail"],"_links":{"self":[{"href":"https:\/\/www.animationsfilm.de\/index.php?rest_route=\/wp\/v2\/pages\/121","targetHints":{"allow":["GET"]}}],"collection":[{"href":"https:\/\/www.animationsfilm.de\/index.php?rest_route=\/wp\/v2\/pages"}],"about":[{"href":"https:\/\/www.animationsfilm.de\/index.php?rest_route=\/wp\/v2\/types\/page"}],"author":[{"embeddable":true,"href":"https:\/\/www.animationsfilm.de\/index.php?rest_route=\/wp\/v2\/users\/2"}],"replies":[{"embeddable":true,"href":"https:\/\/www.animationsfilm.de\/index.php?rest_route=%2Fwp%2Fv2%2Fcomments&post=121"}],"version-history":[{"count":17,"href":"https:\/\/www.animationsfilm.de\/index.php?rest_route=\/wp\/v2\/pages\/121\/revisions"}],"predecessor-version":[{"id":3792,"href":"https:\/\/www.animationsfilm.de\/index.php?rest_route=\/wp\/v2\/pages\/121\/revisions\/3792"}],"wp:attachment":[{"href":"https:\/\/www.animationsfilm.de\/index.php?rest_route=%2Fwp%2Fv2%2Fmedia&parent=121"}],"curies":[{"name":"wp","href":"https:\/\/api.w.org\/{rel}","templated":true}]}}