{"id":1421,"date":"2013-01-26T19:47:06","date_gmt":"2013-01-26T17:47:06","guid":{"rendered":"http:\/\/www.animationsfilm.de\/?page_id=1421"},"modified":"2025-03-17T19:54:25","modified_gmt":"2025-03-17T17:54:25","slug":"keine-bild","status":"publish","type":"page","link":"https:\/\/www.animationsfilm.de\/?page_id=1421","title":{"rendered":"Keine BILD!"},"content":{"rendered":"<div class=\"wp-block-aiovg-video\"><div class=\"aiovg-player-container\" style=\"max-width: 100%;\"><div class=\"aiovg-player aiovg-player-iframe\" style=\"padding-bottom: 56.25%;\"><iframe loading=\"lazy\" src=\"https:\/\/www.animationsfilm.de\/?page_id=3744&#038;aiovg_type=id&#038;aiovg_video=1421&#038;poster=aHR0cHM6Ly93d3cuYW5pbWF0aW9uc2ZpbG0uZGUvd3AtY29udGVudC91cGxvYWRzLzIwMjUvMDMvS2VpbmVCaWxkLU1hcmt1c1dlbmRlLVN0aWxsLmpwZw..&#038;speed=0&#038;quality=0&#038;mp4=aHR0cHM6Ly93d3cuYW5pbWF0aW9uc2ZpbG0uZGUvd3AtY29udGVudC91cGxvYWRzLzIwMjUvMDMvS2VpbmVCaWxkLU1hcmt1c1dlbmRlLm1wNA..\" title=\"\" width=\"560\" height=\"315\" frameborder=\"0\" scrolling=\"no\" allow=\"accelerometer; autoplay; clipboard-write; encrypted-media; gyroscope; picture-in-picture; web-share\" allowfullscreen><\/iframe><\/div><\/div><\/div>\n\n\n<p><object classid=\"clsid:d27cdb6e-ae6d-11cf-96b8-444553540000\" codebase=\"http:\/\/download.macromedia.com\/pub\/shockwave\/cabs\/flash\/swflash.cab#version=6,0,40,0\" width=\"800\" height=\"450\"><param name=\"allowfullscreen\" value=\"true\"><\/param><param name=\"allowscriptaccess\" value=\"always\"><\/param><param name=\"src\" value=\"http:\/\/vimeo.com\/moogaloop.swf?clip_id=41071633&amp;server=vimeo.com&amp;show_title=0&amp;show_byline=0&amp;show_portrait=0&amp;color=00adef&amp;fullscreen=1&amp;autoplay=0&amp;loop=0\"><\/param><embed type=\"application\/x-shockwave-flash\" src=\"http:\/\/vimeo.com\/moogaloop.swf?clip_id=41071633&amp;server=vimeo.com&amp;show_title=0&amp;show_byline=0&amp;show_portrait=0&amp;color=00adef&amp;fullscreen=1&amp;autoplay=0&amp;loop=0\" allowfullscreen=\"allowfullscreen\" allowscriptaccess=\"always\" width=\"800\" height=\"450\"><\/embed><\/object>Ein kurzer animierter Spot zur Unterst\u00fczung der Kampagne &#8222;Alle gegen Bild&#8220;. Hier ein paar Hintergrundinformationen:<\/p>\n\n\n\n<p><strong>Bild in meinem Briefkasten? Nein Danke!<\/strong><\/p>\n\n\n\n<p>Im April 2012 erfuhr ich davon, dass die Bild-Zeitung zu ihrem 60-j\u00e4hrigem Jubil\u00e4um vor hat, eine Sonderausgabe an alle 41 Millionen deutsche Haushalte zu verschicken. Gegen diese Aktion richtete sich die Kampagne &#8222;Alle gegen BILD&#8220; in Partnerschaft mit Campact. \u00dcber ein Webseitenformular war es m\u00f6glich, dem Springer-Verlag mitzuteilen, dass man die Bild nicht bekommen m\u00f6chte. Abgesehen von den vielen Gr\u00fcnden, die man gegen die Bild und ihren Journalismus vorbringen kann ging es durch die Verweigerung der Zustellung darum, dem Springer-Verlag ein gro\u00dfes logistisches Problem zu bereiten. Im April 2012 hatten bereits \u00fcber 200.000 Menschen ihre Verweigerung der Zustellung an den Verlag geschickt.<\/p>\n\n\n\n<p>Der Springer-Verlag reagierte durchaus geschickt bei der Verteilung der Jubil\u00e4ums-BILD auf die Kampagne, in dem er den BILD-Verweigerern am selben Tag einen gro\u00dfen roten Umschlag zukommen liess, und die Postboten gleichzeitig anwies, diesen Leuten auf gar keinen Fall eine BILD in den Briefkasten zu legen. Bis auf wenige Ausnahmen hat das dann auch geklappt.<\/p>\n\n\n\n<p><\/p>\n\n\n\n<p><strong>Credits<\/strong><br>Technique: digital 2D Animation<br>Idea\/Realization: Markus Wende<br>Additional Animation: Filippo Letizi, ULF<br>Sound Mixing: Markus Kempken<br>Music: The Skafe\u00efnats<br>Voices: Markus Wende, Kati, Lucy<br>April 2012<\/p>\n","protected":false},"excerpt":{"rendered":"<p>Ein kurzer animierter Spot zur Unterst\u00fczung der Kampagne &#8222;Alle gegen Bild&#8220;. Hier ein paar Hintergrundinformationen: Bild in meinem Briefkasten? Nein Danke! Im April 2012 erfuhr ich davon, dass die Bild-Zeitung zu ihrem 60-j\u00e4hrigem Jubil\u00e4um vor hat, eine Sonderausgabe an alle 41 Millionen deutsche Haushalte zu verschicken. Gegen diese Aktion richtete sich die Kampagne &#8222;Alle gegen [&hellip;]<\/p>\n","protected":false},"author":2,"featured_media":0,"parent":0,"menu_order":0,"comment_status":"open","ping_status":"open","template":"","meta":{"footnotes":""},"class_list":["post-1421","page","type-page","status-publish","hentry","missing-thumbnail"],"_links":{"self":[{"href":"https:\/\/www.animationsfilm.de\/index.php?rest_route=\/wp\/v2\/pages\/1421","targetHints":{"allow":["GET"]}}],"collection":[{"href":"https:\/\/www.animationsfilm.de\/index.php?rest_route=\/wp\/v2\/pages"}],"about":[{"href":"https:\/\/www.animationsfilm.de\/index.php?rest_route=\/wp\/v2\/types\/page"}],"author":[{"embeddable":true,"href":"https:\/\/www.animationsfilm.de\/index.php?rest_route=\/wp\/v2\/users\/2"}],"replies":[{"embeddable":true,"href":"https:\/\/www.animationsfilm.de\/index.php?rest_route=%2Fwp%2Fv2%2Fcomments&post=1421"}],"version-history":[{"count":5,"href":"https:\/\/www.animationsfilm.de\/index.php?rest_route=\/wp\/v2\/pages\/1421\/revisions"}],"predecessor-version":[{"id":3824,"href":"https:\/\/www.animationsfilm.de\/index.php?rest_route=\/wp\/v2\/pages\/1421\/revisions\/3824"}],"wp:attachment":[{"href":"https:\/\/www.animationsfilm.de\/index.php?rest_route=%2Fwp%2Fv2%2Fmedia&parent=1421"}],"curies":[{"name":"wp","href":"https:\/\/api.w.org\/{rel}","templated":true}]}}