{"id":2336,"date":"2014-09-18T13:59:09","date_gmt":"2014-09-18T11:59:09","guid":{"rendered":"http:\/\/www.animationsfilm.de\/?page_id=2336"},"modified":"2025-03-17T19:50:04","modified_gmt":"2025-03-17T17:50:04","slug":"darmkrebsvorsorge-spot","status":"publish","type":"page","link":"https:\/\/www.animationsfilm.de\/?page_id=2336","title":{"rendered":"Darmkrebsvorsorge-Spot"},"content":{"rendered":"\n<p class=\"has-text-align-left\"><strong>Das Runde muss ins Nackige! Geh zur Darmkrebsvorsorge!<\/strong><\/p>\n\n\n<div class=\"wp-block-aiovg-video\"><div class=\"aiovg-player-container\" style=\"max-width: 100%;\"><div class=\"aiovg-player aiovg-player-iframe\" style=\"padding-bottom: 56.25%;\"><iframe loading=\"lazy\" src=\"https:\/\/www.animationsfilm.de\/?page_id=3744&#038;aiovg_type=id&#038;aiovg_video=2336&#038;poster=aHR0cHM6Ly93d3cuYW5pbWF0aW9uc2ZpbG0uZGUvd3AtY29udGVudC91cGxvYWRzLzIwMjUvMDMvRGFzLVJ1bmRlLW11c3MtaW5zLU5hY2tpZ2UtTWFya3VzV2VuZGUtU3RpbGwuanBn&#038;speed=0&#038;quality=0&#038;mp4=aHR0cHM6Ly93d3cuYW5pbWF0aW9uc2ZpbG0uZGUvd3AtY29udGVudC91cGxvYWRzLzIwMjUvMDMvRGFzLVJ1bmRlLW11c3MtaW5zLU5hY2tpZ2UtTWFya3VzV2VuZGUubXA0\" title=\"\" width=\"560\" height=\"315\" frameborder=\"0\" scrolling=\"no\" allow=\"accelerometer; autoplay; clipboard-write; encrypted-media; gyroscope; picture-in-picture; web-share\" allowfullscreen><\/iframe><\/div><\/div><\/div>\n\n\n<div style=\"height:20px\" aria-hidden=\"true\" class=\"wp-block-spacer\"><\/div>\n\n\n\n<p class=\"has-text-align-left\">Dieser Werbespot entstand in enger Zusammenarbeit mit dem Schauspieler und Regisseur Volker Heymann f\u00fcr ein Pharma-Unternehmen, dass damit auf Darmkrebsvorsorgeuntersuchungen aufmerksam machen m\u00f6chte. F\u00fcr mich lag der besondere Reiz darin, \u00c4rsche zum sprechen zu bringen. Das h\u00f6rte sich erstmal recht simpel an, erforderte dann aber doch eine intensivere Auseinandersetzung mit der Materie, als ich angenommen hatte. Die zentrale Frage war dabei, wie animiere ich einen sprechenden Po mit horizontalem Mund, wenn er doch nunmal von Natur aus bereits eine senkrechte (Mund-) Falte aufweist. Bis zur im Clip verwendeten Endversion mit einem Mund, der einfach \u00fcber der Falte liegt, gab es diverse Versionen, die allesamt etwas Unbehagen beim Betrachten ausl\u00f6sten.<\/p>\n\n\n\n<p class=\"has-text-align-left\">Das war ein Job, der mir viel Freude bereitet hat &#8211; besonders auch, weil sich Volker Heymann so einen sch\u00f6nen am\u00fcsanten Text ausgedacht hat, der Fussballmetaphern mit der Darmuntersuchungethematik verbindet.<\/p>\n\n\n\n<p class=\"has-text-align-left\"><strong>Credits:<\/strong><br>Konzept, Idee und Text: <br>Volker Heymann (<a title=\"Webseite von Volker Heymann\" href=\"http:\/\/www.volker-heymann.com\/\" target=\"_blank\" rel=\"noopener\">www.volker-heymann.com<\/a>)<br>Grafik und Animation: Markus Wende<br>Sound und Musik: Michael Stapper<br>Stimmen: Volker Heymann, Markus Wende und Peter Steitz<\/p>\n\n\n\n<p class=\"has-text-align-left\"><strong>Technik:<\/strong><br>Digitale handgezeichnete 2D Animation mit TVPaint Animation Pro<\/p>\n\n\n\n<figure class=\"wp-block-gallery has-nested-images columns-default is-cropped wp-block-gallery-1 is-layout-flex wp-block-gallery-is-layout-flex\">\n<figure class=\"wp-block-image size-large\"><a href=\"https:\/\/www.animationsfilm.de\/wp-content\/uploads\/2018\/11\/Stadion-Spot-Standbild01.jpg\"><img loading=\"lazy\" decoding=\"async\" width=\"1024\" height=\"576\" data-id=\"3142\" src=\"https:\/\/www.animationsfilm.de\/wp-content\/uploads\/2018\/11\/Stadion-Spot-Standbild01-1024x576.jpg\" alt=\"\" class=\"wp-image-3142\" srcset=\"https:\/\/www.animationsfilm.de\/wp-content\/uploads\/2018\/11\/Stadion-Spot-Standbild01-1024x576.jpg 1024w, https:\/\/www.animationsfilm.de\/wp-content\/uploads\/2018\/11\/Stadion-Spot-Standbild01-300x169.jpg 300w, https:\/\/www.animationsfilm.de\/wp-content\/uploads\/2018\/11\/Stadion-Spot-Standbild01-768x432.jpg 768w, https:\/\/www.animationsfilm.de\/wp-content\/uploads\/2018\/11\/Stadion-Spot-Standbild01-500x281.jpg 500w, https:\/\/www.animationsfilm.de\/wp-content\/uploads\/2018\/11\/Stadion-Spot-Standbild01.jpg 1920w\" sizes=\"auto, (max-width: 1024px) 100vw, 1024px\" \/><\/a><\/figure>\n\n\n\n<figure class=\"wp-block-image size-large\"><a href=\"https:\/\/www.animationsfilm.de\/wp-content\/uploads\/2018\/11\/Stadion-Spot-Standbild02.jpg\"><img loading=\"lazy\" decoding=\"async\" width=\"1024\" height=\"576\" data-id=\"3143\" src=\"https:\/\/www.animationsfilm.de\/wp-content\/uploads\/2018\/11\/Stadion-Spot-Standbild02-1024x576.jpg\" alt=\"\" class=\"wp-image-3143\" srcset=\"https:\/\/www.animationsfilm.de\/wp-content\/uploads\/2018\/11\/Stadion-Spot-Standbild02-1024x576.jpg 1024w, https:\/\/www.animationsfilm.de\/wp-content\/uploads\/2018\/11\/Stadion-Spot-Standbild02-300x169.jpg 300w, https:\/\/www.animationsfilm.de\/wp-content\/uploads\/2018\/11\/Stadion-Spot-Standbild02-768x432.jpg 768w, https:\/\/www.animationsfilm.de\/wp-content\/uploads\/2018\/11\/Stadion-Spot-Standbild02-500x281.jpg 500w, https:\/\/www.animationsfilm.de\/wp-content\/uploads\/2018\/11\/Stadion-Spot-Standbild02.jpg 1920w\" sizes=\"auto, (max-width: 1024px) 100vw, 1024px\" \/><\/a><\/figure>\n\n\n\n<figure class=\"wp-block-image size-large\"><a href=\"https:\/\/www.animationsfilm.de\/wp-content\/uploads\/2018\/11\/Stadion-Spot-Standbild03.jpg\"><img loading=\"lazy\" decoding=\"async\" width=\"1024\" height=\"576\" data-id=\"3144\" src=\"https:\/\/www.animationsfilm.de\/wp-content\/uploads\/2018\/11\/Stadion-Spot-Standbild03-1024x576.jpg\" alt=\"\" class=\"wp-image-3144\" srcset=\"https:\/\/www.animationsfilm.de\/wp-content\/uploads\/2018\/11\/Stadion-Spot-Standbild03-1024x576.jpg 1024w, https:\/\/www.animationsfilm.de\/wp-content\/uploads\/2018\/11\/Stadion-Spot-Standbild03-300x169.jpg 300w, https:\/\/www.animationsfilm.de\/wp-content\/uploads\/2018\/11\/Stadion-Spot-Standbild03-768x432.jpg 768w, https:\/\/www.animationsfilm.de\/wp-content\/uploads\/2018\/11\/Stadion-Spot-Standbild03-500x281.jpg 500w, https:\/\/www.animationsfilm.de\/wp-content\/uploads\/2018\/11\/Stadion-Spot-Standbild03.jpg 1920w\" sizes=\"auto, (max-width: 1024px) 100vw, 1024px\" \/><\/a><\/figure>\n\n\n\n<figure class=\"wp-block-image size-large\"><a href=\"https:\/\/www.animationsfilm.de\/wp-content\/uploads\/2018\/11\/Stadion-Spot-Standbild04.jpg\"><img loading=\"lazy\" decoding=\"async\" width=\"1024\" height=\"576\" data-id=\"3145\" src=\"https:\/\/www.animationsfilm.de\/wp-content\/uploads\/2018\/11\/Stadion-Spot-Standbild04-1024x576.jpg\" alt=\"\" class=\"wp-image-3145\" srcset=\"https:\/\/www.animationsfilm.de\/wp-content\/uploads\/2018\/11\/Stadion-Spot-Standbild04-1024x576.jpg 1024w, https:\/\/www.animationsfilm.de\/wp-content\/uploads\/2018\/11\/Stadion-Spot-Standbild04-300x169.jpg 300w, https:\/\/www.animationsfilm.de\/wp-content\/uploads\/2018\/11\/Stadion-Spot-Standbild04-768x432.jpg 768w, https:\/\/www.animationsfilm.de\/wp-content\/uploads\/2018\/11\/Stadion-Spot-Standbild04-500x281.jpg 500w, https:\/\/www.animationsfilm.de\/wp-content\/uploads\/2018\/11\/Stadion-Spot-Standbild04.jpg 1920w\" sizes=\"auto, (max-width: 1024px) 100vw, 1024px\" \/><\/a><\/figure>\n<\/figure>\n\n\n\n<p><a href=\"http:\/\/www.animationsfilm.de\/wp-content\/uploads\/2018\/11\/Stadion-Spot-Standbild01.jpg\" data-elementor-open-lightbox=\"default\" data-elementor-lightbox-slideshow=\"1cdda50\"><br><br><\/a><br><a href=\"http:\/\/www.animationsfilm.de\/wp-content\/uploads\/2018\/11\/Stadion-Spot-Standbild02.jpg\" data-elementor-open-lightbox=\"default\" data-elementor-lightbox-slideshow=\"1cdda50\"><br><br><\/a><br><a href=\"http:\/\/www.animationsfilm.de\/wp-content\/uploads\/2018\/11\/Stadion-Spot-Standbild03.jpg\" data-elementor-open-lightbox=\"default\" data-elementor-lightbox-slideshow=\"1cdda50\"><br><br><\/a><br><a href=\"http:\/\/www.animationsfilm.de\/wp-content\/uploads\/2018\/11\/Stadion-Spot-Standbild04.jpg\" data-elementor-open-lightbox=\"default\" data-elementor-lightbox-slideshow=\"1cdda50\"><br><br><\/a><\/p>\n","protected":false},"excerpt":{"rendered":"<p>Das Runde muss ins Nackige! Geh zur Darmkrebsvorsorge! Dieser Werbespot entstand in enger Zusammenarbeit mit dem Schauspieler und Regisseur Volker Heymann f\u00fcr ein Pharma-Unternehmen, dass damit auf Darmkrebsvorsorgeuntersuchungen aufmerksam machen m\u00f6chte. F\u00fcr mich lag der besondere Reiz darin, \u00c4rsche zum sprechen zu bringen. Das h\u00f6rte sich erstmal recht simpel an, erforderte dann aber doch eine [&hellip;]<\/p>\n","protected":false},"author":2,"featured_media":0,"parent":0,"menu_order":0,"comment_status":"open","ping_status":"open","template":"","meta":{"footnotes":""},"class_list":["post-2336","page","type-page","status-publish","hentry","missing-thumbnail"],"_links":{"self":[{"href":"https:\/\/www.animationsfilm.de\/index.php?rest_route=\/wp\/v2\/pages\/2336","targetHints":{"allow":["GET"]}}],"collection":[{"href":"https:\/\/www.animationsfilm.de\/index.php?rest_route=\/wp\/v2\/pages"}],"about":[{"href":"https:\/\/www.animationsfilm.de\/index.php?rest_route=\/wp\/v2\/types\/page"}],"author":[{"embeddable":true,"href":"https:\/\/www.animationsfilm.de\/index.php?rest_route=\/wp\/v2\/users\/2"}],"replies":[{"embeddable":true,"href":"https:\/\/www.animationsfilm.de\/index.php?rest_route=%2Fwp%2Fv2%2Fcomments&post=2336"}],"version-history":[{"count":14,"href":"https:\/\/www.animationsfilm.de\/index.php?rest_route=\/wp\/v2\/pages\/2336\/revisions"}],"predecessor-version":[{"id":3820,"href":"https:\/\/www.animationsfilm.de\/index.php?rest_route=\/wp\/v2\/pages\/2336\/revisions\/3820"}],"wp:attachment":[{"href":"https:\/\/www.animationsfilm.de\/index.php?rest_route=%2Fwp%2Fv2%2Fmedia&parent=2336"}],"curies":[{"name":"wp","href":"https:\/\/api.w.org\/{rel}","templated":true}]}}