{"id":2714,"date":"2016-11-15T12:26:34","date_gmt":"2016-11-15T10:26:34","guid":{"rendered":"http:\/\/www.animationsfilm.de\/?page_id=2714"},"modified":"2018-12-14T20:00:27","modified_gmt":"2018-12-14T18:00:27","slug":"sprecher-fuer-filmspots","status":"publish","type":"page","link":"https:\/\/www.animationsfilm.de\/?page_id=2714","title":{"rendered":"Sprecher f\u00fcr Filme\/Spots"},"content":{"rendered":"<p style=\"text-align: left;\">Vor ein paar Jahren habe ich begonnen, auch selbst bei meinen eigenen Animationsfilmen zu sprechen. Zudem hatte ich schon h\u00e4ufiger die Gelegenheit, bei studentischen Projekten und bei einigen Social-Spots Erfahrungen als Sprecher zu sammeln. Technisch verf\u00fcge ich \u00fcber alle M\u00f6glichkeiten, Sprache in guter Qualit\u00e4t auch spontan recorden zu k\u00f6nnen. F\u00fcr High-End-Produktionen nutze ich meine guten Kontakte zu Profis aus dem Audio-Bereich.<\/p>\n<p style=\"text-align: left;\">Wenn Ihnen meine Stimme gef\u00e4llt, freue ich mich auf Ihr Angebot.<br \/>Hier finden Sie ein paar Beispiele von mir und meiner Tochter, die ebenfalls schon \u00fcber etwas Sprecherfahrung verf\u00fcgt.<\/p>\n<p style=\"text-align: left;\">&#8212;<\/p>\n<p style=\"text-align: left;\">Sprechertext Katastrophe (Markus Wende &amp; Lucy Wende, 4:30 Minuten)<\/p>\n<!--[if lt IE 9]><script>document.createElement('audio');<\/script><![endif]-->\n<audio class=\"wp-audio-shortcode\" id=\"audio-2714-1\" preload=\"none\" style=\"width: 100%;\" controls=\"controls\"><source type=\"audio\/mpeg\" src=\"http:\/\/www.animationsfilm.de\/wp-content\/uploads\/2016\/11\/Katastrophen-LucyUndMarkusWende-www-animationsfilm-de.mp3?_=1\" \/><a href=\"http:\/\/www.animationsfilm.de\/wp-content\/uploads\/2016\/11\/Katastrophen-LucyUndMarkusWende-www-animationsfilm-de.mp3\">http:\/\/www.animationsfilm.de\/wp-content\/uploads\/2016\/11\/Katastrophen-LucyUndMarkusWende-www-animationsfilm-de.mp3<\/a><\/audio>\n<p style=\"text-align: left;\">&#8212;<\/p>\n<p style=\"text-align: left;\">Werbespot Darmkrebsvorsorge (1. Sprecher: Volker Heymann, 2. Spr.: Markus Wende, 3. Spr. Peter Steitz, 0:37 Minuten)<\/p>\n<audio class=\"wp-audio-shortcode\" id=\"audio-2714-2\" preload=\"none\" style=\"width: 100%;\" controls=\"controls\"><source type=\"audio\/mpeg\" src=\"http:\/\/www.animationsfilm.de\/wp-content\/uploads\/2016\/11\/20140725-02-StadionSpot-FinaleSprache-DownMix.mp3?_=2\" \/><a href=\"http:\/\/www.animationsfilm.de\/wp-content\/uploads\/2016\/11\/20140725-02-StadionSpot-FinaleSprache-DownMix.mp3\">http:\/\/www.animationsfilm.de\/wp-content\/uploads\/2016\/11\/20140725-02-StadionSpot-FinaleSprache-DownMix.mp3<\/a><\/audio>\n<p style=\"text-align: left;\"><a href=\"http:\/\/www.animationsfilm.de\/?page_id=2336\" target=\"_blank\" rel=\"noopener\">Um den Werbespot im Ganzen zu sehen, klicken Sie bitte hier.<\/a><\/p>\n<p style=\"text-align: left;\">&#8212;<\/p>\n<p style=\"text-align: left;\">Kleiner und Gro\u00dfer &#8211; Layout-Text f\u00fcr einen Animationsfilm von Mareike Graf (Lucy Wende &amp; Markus Wende, 1:10 Minuten)<\/p>\n<audio class=\"wp-audio-shortcode\" id=\"audio-2714-3\" preload=\"none\" style=\"width: 100%;\" controls=\"controls\"><source type=\"audio\/mpeg\" src=\"http:\/\/www.animationsfilm.de\/wp-content\/uploads\/2016\/11\/Gro\u00dferUndKleiner.mp3?_=3\" \/><a href=\"http:\/\/www.animationsfilm.de\/wp-content\/uploads\/2016\/11\/Gro\u00dferUndKleiner.mp3\">http:\/\/www.animationsfilm.de\/wp-content\/uploads\/2016\/11\/Gro\u00dferUndKleiner.mp3<\/a><\/audio>\n<p style=\"text-align: left;\">&#8212;<\/p>\n<p style=\"text-align: left;\">Die Butterblumensippschaft &#8211; Layout-Text f\u00fcr einen Animationsfilm nach Alfred D\u00f6blin (Markus Wende, 1:04 Minuten)<\/p>\n<audio class=\"wp-audio-shortcode\" id=\"audio-2714-4\" preload=\"none\" style=\"width: 100%;\" controls=\"controls\"><source type=\"audio\/mpeg\" src=\"http:\/\/www.animationsfilm.de\/wp-content\/uploads\/2016\/11\/Butterblumensippschaft.mp3?_=4\" \/><a href=\"http:\/\/www.animationsfilm.de\/wp-content\/uploads\/2016\/11\/Butterblumensippschaft.mp3\">http:\/\/www.animationsfilm.de\/wp-content\/uploads\/2016\/11\/Butterblumensippschaft.mp3<\/a><\/audio>\n<p style=\"text-align: left;\">&#8212;<\/p>\n<p style=\"text-align: left;\">Weitere Projekte, bei denen ich gesprochen habe:<\/p>\n<ul>\n<li style=\"text-align: left;\"><a href=\"http:\/\/www.animationsfilm.de\/?page_id=1421\" target=\"_blank\" rel=\"noopener\">Social Spot &#8211; Keine BILD in meinem Briefkasten (LINK)<\/a><\/li>\n<li style=\"text-align: left;\"><a href=\"http:\/\/www.animationsfilm.de\/?page_id=1548\" target=\"_blank\" rel=\"noopener\">Social Spot &#8211; Briefabstimmung beim Volksentscheid (LINK)<\/a><\/li>\n<li style=\"text-align: left;\"><a href=\"http:\/\/www.animationsfilm.de\/?page_id=1440\" target=\"_blank\" rel=\"noopener\">Social Spot &#8211; Neue Energie f\u00fcr Berlin (LINK)<\/a><\/li>\n<\/ul>\n","protected":false},"excerpt":{"rendered":"<p>Vor ein paar Jahren habe ich begonnen, auch selbst bei meinen eigenen Animationsfilmen zu sprechen. Zudem hatte ich schon h\u00e4ufiger die Gelegenheit, bei studentischen Projekten und bei einigen Social-Spots Erfahrungen als Sprecher zu sammeln. Technisch verf\u00fcge ich \u00fcber alle M\u00f6glichkeiten, Sprache in guter Qualit\u00e4t auch spontan recorden zu k\u00f6nnen. F\u00fcr High-End-Produktionen nutze ich meine guten [&hellip;]<\/p>\n","protected":false},"author":2,"featured_media":0,"parent":0,"menu_order":0,"comment_status":"closed","ping_status":"closed","template":"","meta":{"footnotes":""},"class_list":["post-2714","page","type-page","status-publish","hentry","missing-thumbnail"],"_links":{"self":[{"href":"https:\/\/www.animationsfilm.de\/index.php?rest_route=\/wp\/v2\/pages\/2714","targetHints":{"allow":["GET"]}}],"collection":[{"href":"https:\/\/www.animationsfilm.de\/index.php?rest_route=\/wp\/v2\/pages"}],"about":[{"href":"https:\/\/www.animationsfilm.de\/index.php?rest_route=\/wp\/v2\/types\/page"}],"author":[{"embeddable":true,"href":"https:\/\/www.animationsfilm.de\/index.php?rest_route=\/wp\/v2\/users\/2"}],"replies":[{"embeddable":true,"href":"https:\/\/www.animationsfilm.de\/index.php?rest_route=%2Fwp%2Fv2%2Fcomments&post=2714"}],"version-history":[{"count":10,"href":"https:\/\/www.animationsfilm.de\/index.php?rest_route=\/wp\/v2\/pages\/2714\/revisions"}],"predecessor-version":[{"id":3322,"href":"https:\/\/www.animationsfilm.de\/index.php?rest_route=\/wp\/v2\/pages\/2714\/revisions\/3322"}],"wp:attachment":[{"href":"https:\/\/www.animationsfilm.de\/index.php?rest_route=%2Fwp%2Fv2%2Fmedia&parent=2714"}],"curies":[{"name":"wp","href":"https:\/\/api.w.org\/{rel}","templated":true}]}}