{"id":3223,"date":"2018-12-08T12:48:12","date_gmt":"2018-12-08T10:48:12","guid":{"rendered":"http:\/\/www.animationsfilm.de\/?page_id=3223"},"modified":"2025-03-19T16:44:55","modified_gmt":"2025-03-19T14:44:55","slug":"best-of-small-animations","status":"publish","type":"page","link":"https:\/\/www.animationsfilm.de\/?page_id=3223","title":{"rendered":"Best of small Animations"},"content":{"rendered":"\n<p class=\"has-text-align-left\">Kurze Animationen reizen mich besonders, da ich sie gerne als spontan kreative M\u00f6glichkeit nutze, mit Techniken und \u00c4sthetiken zu experimentieren. Besonders nett ist es nat\u00fcrlich, wenn sie dann auch noch irgendwie zum Einsatz kommen &#8211; als Beitrag zu einer Challenge, als Teil meines Unterrichts, als kleiner Auftrag, wie auch immer.<\/p>\n\n\n\n<h2 class=\"wp-block-heading\">Coming from Outer Space<\/h2>\n\n\n<div class=\"wp-block-aiovg-video\"><div class=\"aiovg-player-container\" style=\"max-width: 100%;\"><div class=\"aiovg-player aiovg-player-iframe\" style=\"padding-bottom: 56.25%;\"><iframe loading=\"lazy\" src=\"https:\/\/www.animationsfilm.de\/?page_id=3744&#038;aiovg_type=id&#038;aiovg_video=3223&#038;poster=aHR0cHM6Ly93d3cuYW5pbWF0aW9uc2ZpbG0uZGUvd3AtY29udGVudC91cGxvYWRzLzIwMjUvMDMvQ29taW5nRnJvbU91dGVyU3BhY2UtTWFya3VzV2VuZGUtU3RpbGwuanBn&#038;speed=0&#038;quality=0&#038;mp4=aHR0cHM6Ly93d3cuYW5pbWF0aW9uc2ZpbG0uZGUvd3AtY29udGVudC91cGxvYWRzLzIwMjUvMDMvQ29taW5nLUZyb20tT3V0ZXItU3BhY2UtQnktTWFya3VzV2VuZGUubXA0\" title=\"\" width=\"560\" height=\"315\" frameborder=\"0\" scrolling=\"no\" allow=\"accelerometer; autoplay; clipboard-write; encrypted-media; gyroscope; picture-in-picture; web-share\" allowfullscreen><\/iframe><\/div><\/div><\/div>\n\n\n<h2 class=\"wp-block-heading has-text-align-left\">Dekonstruktion Vogel<\/h2>\n\n\n<div class=\"wp-block-aiovg-video\"><div class=\"aiovg-player-container\" style=\"max-width: 100%;\"><div class=\"aiovg-player aiovg-player-iframe\" style=\"padding-bottom: 56.25%;\"><iframe loading=\"lazy\" src=\"https:\/\/www.animationsfilm.de\/?page_id=3744&#038;aiovg_type=id&#038;aiovg_video=3223&#038;poster=aHR0cHM6Ly93d3cuYW5pbWF0aW9uc2ZpbG0uZGUvd3AtY29udGVudC91cGxvYWRzLzIwMjUvMDMvRGVrb25zdHJ1a3Rpb25Wb2dlbC1GaWxtc3RpbGwuanBn&#038;speed=0&#038;quality=0&#038;mp4=aHR0cHM6Ly93d3cuYW5pbWF0aW9uc2ZpbG0uZGUvd3AtY29udGVudC91cGxvYWRzLzIwMjUvMDMvRGVrb25zdHJ1a3Rpb25Wb2dlbC1NYXJrdXNXZW5kZS5tcDQ.\" title=\"\" width=\"560\" height=\"315\" frameborder=\"0\" scrolling=\"no\" allow=\"accelerometer; autoplay; clipboard-write; encrypted-media; gyroscope; picture-in-picture; web-share\" allowfullscreen><\/iframe><\/div><\/div><\/div>\n\n\n<h2 class=\"wp-block-heading has-text-align-left\">Coffee Love<\/h2>\n\n\n<div class=\"wp-block-aiovg-video\"><div class=\"aiovg-player-container\" style=\"max-width: 100%;\"><div class=\"aiovg-player aiovg-player-iframe\" style=\"padding-bottom: 56.25%;\"><iframe loading=\"lazy\" src=\"https:\/\/www.animationsfilm.de\/?page_id=3744&#038;aiovg_type=id&#038;aiovg_video=3223&#038;poster=aHR0cHM6Ly93d3cuYW5pbWF0aW9uc2ZpbG0uZGUvd3AtY29udGVudC91cGxvYWRzLzIwMjUvMDMvQ29mZmVlTG92ZS1TY3JlZW5zaG90LmpwZw..&#038;speed=0&#038;quality=0&#038;mp4=aHR0cHM6Ly93d3cuYW5pbWF0aW9uc2ZpbG0uZGUvd3AtY29udGVudC91cGxvYWRzLzIwMjUvMDMvQ29mZmVlbG92ZS1NYXJrdXNXZW5kZS5tcDQ.\" title=\"\" width=\"560\" height=\"315\" frameborder=\"0\" scrolling=\"no\" allow=\"accelerometer; autoplay; clipboard-write; encrypted-media; gyroscope; picture-in-picture; web-share\" allowfullscreen><\/iframe><\/div><\/div><\/div>\n\n\n<h2 class=\"wp-block-heading has-text-align-left\">Vergurkt<\/h2>\n\n\n<div class=\"wp-block-aiovg-video\"><div class=\"aiovg-player-container\" style=\"max-width: 100%;\"><div class=\"aiovg-player aiovg-player-iframe\" style=\"padding-bottom: 56.25%;\"><iframe loading=\"lazy\" src=\"https:\/\/www.animationsfilm.de\/?page_id=3744&#038;aiovg_type=id&#038;aiovg_video=3223&#038;poster=aHR0cHM6Ly93d3cuYW5pbWF0aW9uc2ZpbG0uZGUvd3AtY29udGVudC91cGxvYWRzLzIwMjUvMDMvVmVyZ3Vya3QtTWFya3VzV2VuZGUtU3RpbGwwMy5wbmc.&#038;speed=0&#038;quality=0&#038;mp4=aHR0cHM6Ly93d3cuYW5pbWF0aW9uc2ZpbG0uZGUvd3AtY29udGVudC91cGxvYWRzLzIwMjUvMDMvVmVyZ3Vya3QtTWFya3VzV2VuZGUubXA0\" title=\"\" width=\"560\" height=\"315\" frameborder=\"0\" scrolling=\"no\" allow=\"accelerometer; autoplay; clipboard-write; encrypted-media; gyroscope; picture-in-picture; web-share\" allowfullscreen><\/iframe><\/div><\/div><\/div>\n\n\n<h2 class=\"wp-block-heading\">Autoexplosive<\/h2>\n\n\n<div class=\"wp-block-aiovg-video\"><div class=\"aiovg-player-container\" style=\"max-width: 100%;\"><div class=\"aiovg-player aiovg-player-iframe\" style=\"padding-bottom: 56.25%;\"><iframe loading=\"lazy\" src=\"https:\/\/www.animationsfilm.de\/?page_id=3744&#038;aiovg_type=id&#038;aiovg_video=3223&#038;poster=aHR0cHM6Ly93d3cuYW5pbWF0aW9uc2ZpbG0uZGUvd3AtY29udGVudC91cGxvYWRzLzIwMjUvMDMvQXV0b2V4cGxvc2l2ZS1NYXJrdXNXZW5kZS1TdGlsbC5qcGc.&#038;speed=0&#038;quality=0&#038;mp4=aHR0cHM6Ly93d3cuYW5pbWF0aW9uc2ZpbG0uZGUvd3AtY29udGVudC91cGxvYWRzLzIwMjUvMDMvQXV0b2V4cGxvc2l2ZS1NYXJrdXNXZW5kZS5tcDQ.\" title=\"\" width=\"560\" height=\"315\" frameborder=\"0\" scrolling=\"no\" allow=\"accelerometer; autoplay; clipboard-write; encrypted-media; gyroscope; picture-in-picture; web-share\" allowfullscreen><\/iframe><\/div><\/div><\/div>\n\n\n<h2 class=\"wp-block-heading has-text-align-left\">Fishing<\/h2>\n\n\n<div class=\"wp-block-aiovg-video\"><div class=\"aiovg-player-container\" style=\"max-width: 100%;\"><div class=\"aiovg-player aiovg-player-iframe\" style=\"padding-bottom: 56.25%;\"><iframe loading=\"lazy\" src=\"https:\/\/www.animationsfilm.de\/?page_id=3744&#038;aiovg_type=id&#038;aiovg_video=3223&#038;poster=aHR0cHM6Ly93d3cuYW5pbWF0aW9uc2ZpbG0uZGUvd3AtY29udGVudC91cGxvYWRzLzIwMjUvMDMvRmlzaGluZ19ieV9NYXJrdXNXZW5kZS5TdGFuZGJpbGQwMDEuanBn&#038;speed=0&#038;quality=0&#038;mp4=aHR0cHM6Ly93d3cuYW5pbWF0aW9uc2ZpbG0uZGUvd3AtY29udGVudC91cGxvYWRzLzIwMjUvMDMvRmlzaGluZy1NYXJrdXNXZW5kZS5tcDQ.\" title=\"\" width=\"560\" height=\"315\" frameborder=\"0\" scrolling=\"no\" allow=\"accelerometer; autoplay; clipboard-write; encrypted-media; gyroscope; picture-in-picture; web-share\" allowfullscreen><\/iframe><\/div><\/div><\/div>\n\n\n<h2 class=\"wp-block-heading\">Dr. Bob quits his job<\/h2>\n\n\n<div class=\"wp-block-aiovg-video\"><div class=\"aiovg-player-container\" style=\"max-width: 100%;\"><div class=\"aiovg-player aiovg-player-iframe\" style=\"padding-bottom: 56.25%;\"><iframe loading=\"lazy\" src=\"https:\/\/www.animationsfilm.de\/?page_id=3744&#038;aiovg_type=id&#038;aiovg_video=3223&#038;poster=aHR0cHM6Ly93d3cuYW5pbWF0aW9uc2ZpbG0uZGUvd3AtY29udGVudC91cGxvYWRzLzIwMjUvMDMvRHJCb2ItTWFya3VzV2VuZGUtU3RpbGwuanBn&#038;speed=0&#038;quality=0&#038;mp4=aHR0cHM6Ly93d3cuYW5pbWF0aW9uc2ZpbG0uZGUvd3AtY29udGVudC91cGxvYWRzLzIwMjUvMDMvRHJCb2ItTWFya3VzV2VuZGUubXA0\" title=\"\" width=\"560\" height=\"315\" frameborder=\"0\" scrolling=\"no\" allow=\"accelerometer; autoplay; clipboard-write; encrypted-media; gyroscope; picture-in-picture; web-share\" allowfullscreen><\/iframe><\/div><\/div><\/div>\n\n\n<h2 class=\"wp-block-heading\">Myth about Man and Woman<\/h2>\n\n\n<div class=\"wp-block-aiovg-video\"><div class=\"aiovg-player-container\" style=\"max-width: 100%;\"><div class=\"aiovg-player aiovg-player-iframe\" style=\"padding-bottom: 56.25%;\"><iframe loading=\"lazy\" src=\"https:\/\/www.animationsfilm.de\/?page_id=3744&#038;aiovg_type=id&#038;aiovg_video=3223&#038;poster=aHR0cHM6Ly93d3cuYW5pbWF0aW9uc2ZpbG0uZGUvd3AtY29udGVudC91cGxvYWRzLzIwMjUvMDMvTXl0aC1NYXJrdXNXZW5kZS1TdGlsbC5qcGc.&#038;speed=0&#038;quality=0&#038;mp4=aHR0cHM6Ly93d3cuYW5pbWF0aW9uc2ZpbG0uZGUvd3AtY29udGVudC91cGxvYWRzLzIwMjUvMDMvTXl0aC1NYXJrdXN3ZW5kZS5tcDQ.\" title=\"\" width=\"560\" height=\"315\" frameborder=\"0\" scrolling=\"no\" allow=\"accelerometer; autoplay; clipboard-write; encrypted-media; gyroscope; picture-in-picture; web-share\" allowfullscreen><\/iframe><\/div><\/div><\/div>\n\n\n<h2 class=\"wp-block-heading\">Crazy Xmas<\/h2>\n\n\n<div class=\"wp-block-aiovg-video\"><div class=\"aiovg-player-container\" style=\"max-width: 100%;\"><div class=\"aiovg-player aiovg-player-iframe\" style=\"padding-bottom: 56.25%;\"><iframe loading=\"lazy\" src=\"https:\/\/www.animationsfilm.de\/?page_id=3744&#038;aiovg_type=id&#038;aiovg_video=3223&#038;poster=aHR0cHM6Ly93d3cuYW5pbWF0aW9uc2ZpbG0uZGUvd3AtY29udGVudC91cGxvYWRzLzIwMjUvMDMvQ3JhenlYbWFzLU1hcmt1c1dlbmRlLXN0aWxsLmpwZw..&#038;speed=0&#038;quality=0&#038;mp4=aHR0cHM6Ly93d3cuYW5pbWF0aW9uc2ZpbG0uZGUvd3AtY29udGVudC91cGxvYWRzLzIwMjUvMDMvQ3JhenlYbWFzLU1hcmt1c1dlbmRlLm1wNA..\" title=\"\" width=\"560\" height=\"315\" frameborder=\"0\" scrolling=\"no\" allow=\"accelerometer; autoplay; clipboard-write; encrypted-media; gyroscope; picture-in-picture; web-share\" allowfullscreen><\/iframe><\/div><\/div><\/div>\n\n\n<h2 class=\"wp-block-heading\">One Second Animations<\/h2>\n\n\n<div class=\"wp-block-aiovg-video\"><div class=\"aiovg-player-container\" style=\"max-width: 100%;\"><div class=\"aiovg-player aiovg-player-iframe\" style=\"padding-bottom: 56.25%;\"><iframe loading=\"lazy\" src=\"https:\/\/www.animationsfilm.de\/?page_id=3744&#038;aiovg_type=id&#038;aiovg_video=3223&#038;poster=aHR0cHM6Ly93d3cuYW5pbWF0aW9uc2ZpbG0uZGUvd3AtY29udGVudC91cGxvYWRzLzIwMjUvMDMvT1NBLVp1c2FtZW5zY2huaXR0LU1hcmt1c1dlbmRlLVN0aWxsLmpwZw..&#038;speed=0&#038;quality=0&#038;mp4=aHR0cHM6Ly93d3cuYW5pbWF0aW9uc2ZpbG0uZGUvd3AtY29udGVudC91cGxvYWRzLzIwMjUvMDMvT1NBLVp1c2FtZW5zY2huaXR0LU1hcmt1c1dlbmRlLTEubXA0\" title=\"\" width=\"560\" height=\"315\" frameborder=\"0\" scrolling=\"no\" allow=\"accelerometer; autoplay; clipboard-write; encrypted-media; gyroscope; picture-in-picture; web-share\" allowfullscreen><\/iframe><\/div><\/div><\/div>\n\n\n<h2 class=\"wp-block-heading has-text-align-left\">12 Seconds Xmas<\/h2>\n\n\n<div class=\"wp-block-aiovg-video\"><div class=\"aiovg-player-container\" style=\"max-width: 100%;\"><div class=\"aiovg-player aiovg-player-iframe\" style=\"padding-bottom: 56.25%;\"><iframe loading=\"lazy\" src=\"https:\/\/www.animationsfilm.de\/?page_id=3744&#038;aiovg_type=id&#038;aiovg_video=3223&#038;poster=aHR0cHM6Ly93d3cuYW5pbWF0aW9uc2ZpbG0uZGUvd3AtY29udGVudC91cGxvYWRzLzIwMjUvMDMvMTJTZWNYbWFzLU1hcmt1c1dlbmRlLVN0aWxsLmpwZw..&#038;speed=0&#038;quality=0&#038;mp4=aHR0cHM6Ly93d3cuYW5pbWF0aW9uc2ZpbG0uZGUvd3AtY29udGVudC91cGxvYWRzLzIwMjUvMDMvMTJTZWNYbWFzLU1hcmt1c1dlbmRlLm1wNA..\" title=\"\" width=\"560\" height=\"315\" frameborder=\"0\" scrolling=\"no\" allow=\"accelerometer; autoplay; clipboard-write; encrypted-media; gyroscope; picture-in-picture; web-share\" allowfullscreen><\/iframe><\/div><\/div><\/div>\n\n\n<h2 class=\"wp-block-heading has-text-align-left\">Punkige Weihnacht<\/h2>\n\n\n<div class=\"wp-block-aiovg-video\"><div class=\"aiovg-player-container\" style=\"max-width: 100%;\"><div class=\"aiovg-player aiovg-player-iframe\" style=\"padding-bottom: 56.25%;\"><iframe loading=\"lazy\" src=\"https:\/\/www.animationsfilm.de\/?page_id=3744&#038;aiovg_type=id&#038;aiovg_video=3223&#038;poster=aHR0cHM6Ly93d3cuYW5pbWF0aW9uc2ZpbG0uZGUvd3AtY29udGVudC91cGxvYWRzLzIwMjUvMDMvV2VpaG5hY2h0LTIwMTYtTWFya3VzV2VuZGUtU3RpbGwucG5n&#038;speed=0&#038;quality=0&#038;mp4=aHR0cHM6Ly93d3cuYW5pbWF0aW9uc2ZpbG0uZGUvd3AtY29udGVudC91cGxvYWRzLzIwMjUvMDMvV2VpaG5hY2h0LTIwMTYtTWFya3VzV2VuZGUubXA0\" title=\"\" width=\"560\" height=\"315\" frameborder=\"0\" scrolling=\"no\" allow=\"accelerometer; autoplay; clipboard-write; encrypted-media; gyroscope; picture-in-picture; web-share\" allowfullscreen><\/iframe><\/div><\/div><\/div>\n\n\n<h2 class=\"wp-block-heading\">Gr\u00fcn II<\/h2>\n\n\n\n<p>Ergebnis einer live animierten Performance<\/p>\n\n\n<div class=\"wp-block-aiovg-video\"><div class=\"aiovg-player-container\" style=\"max-width: 100%;\"><div class=\"aiovg-player aiovg-player-iframe\" style=\"padding-bottom: 56.25%;\"><iframe loading=\"lazy\" src=\"https:\/\/www.animationsfilm.de\/?page_id=3744&#038;aiovg_type=id&#038;aiovg_video=3223&#038;poster=aHR0cHM6Ly93d3cuYW5pbWF0aW9uc2ZpbG0uZGUvd3AtY29udGVudC91cGxvYWRzLzIwMjUvMDMvR3J1ZW4tSUktTWFya3VzV2VuZGUtU3RpbGwuanBn&#038;speed=0&#038;quality=0&#038;mp4=aHR0cHM6Ly93d3cuYW5pbWF0aW9uc2ZpbG0uZGUvd3AtY29udGVudC91cGxvYWRzLzIwMjUvMDMvR3J1ZW4tSUktTWFya3VzV2VuZGUubXA0\" title=\"\" width=\"560\" height=\"315\" frameborder=\"0\" scrolling=\"no\" allow=\"accelerometer; autoplay; clipboard-write; encrypted-media; gyroscope; picture-in-picture; web-share\" allowfullscreen><\/iframe><\/div><\/div><\/div>\n\n\n<h2 class=\"wp-block-heading has-text-align-left\">MarMics Animation Showdown 2<\/h2>\n\n\n<div class=\"wp-block-aiovg-video\"><div class=\"aiovg-player-container\" style=\"max-width: 100%;\"><div class=\"aiovg-player aiovg-player-iframe\" style=\"padding-bottom: 56.25%;\"><iframe loading=\"lazy\" src=\"https:\/\/www.animationsfilm.de\/?page_id=3744&#038;aiovg_type=id&#038;aiovg_video=3223&#038;poster=aHR0cHM6Ly93d3cuYW5pbWF0aW9uc2ZpbG0uZGUvd3AtY29udGVudC91cGxvYWRzLzIwMjUvMDMvTWFyTWljc0FuaW1hdGlvblNob3dkb3duLU1hcmt1c1dlbmRlLVN0aWxsLmpwZw..&#038;speed=0&#038;quality=0&#038;mp4=aHR0cHM6Ly93d3cuYW5pbWF0aW9uc2ZpbG0uZGUvd3AtY29udGVudC91cGxvYWRzLzIwMjUvMDMvTWFyTWljc0FuaW1hdGlvblNob3dkb3duLU1hcmt1c1dlbmRlLm1wNA..\" title=\"\" width=\"560\" height=\"315\" frameborder=\"0\" scrolling=\"no\" allow=\"accelerometer; autoplay; clipboard-write; encrypted-media; gyroscope; picture-in-picture; web-share\" allowfullscreen><\/iframe><\/div><\/div><\/div>\n\n\n<h2 class=\"wp-block-heading has-text-align-left\">MarMics Animation Showdown 1<\/h2>\n\n\n<div class=\"wp-block-aiovg-video\"><div class=\"aiovg-player-container\" style=\"max-width: 100%;\"><div class=\"aiovg-player aiovg-player-iframe\" style=\"padding-bottom: 56.25%;\"><iframe loading=\"lazy\" src=\"https:\/\/www.animationsfilm.de\/?page_id=3744&#038;aiovg_type=id&#038;aiovg_video=3223&#038;poster=aHR0cHM6Ly93d3cuYW5pbWF0aW9uc2ZpbG0uZGUvd3AtY29udGVudC91cGxvYWRzLzIwMjUvMDMvTWFybWljcy0xLU1hcmt1c1dlbmRlLVN0aWxsLmpwZw..&#038;speed=0&#038;quality=0&#038;mp4=aHR0cHM6Ly93d3cuYW5pbWF0aW9uc2ZpbG0uZGUvd3AtY29udGVudC91cGxvYWRzLzIwMjUvMDMvTWFybWljcy0xLU1hcmt1c1dlbmRlLm1wNA..\" title=\"\" width=\"560\" height=\"315\" frameborder=\"0\" scrolling=\"no\" allow=\"accelerometer; autoplay; clipboard-write; encrypted-media; gyroscope; picture-in-picture; web-share\" allowfullscreen><\/iframe><\/div><\/div><\/div>\n\n\n<h2 class=\"wp-block-heading has-text-align-left\">Gr\u00fcn I &#8211; animierte Installation<\/h2>\n\n\n<div class=\"wp-block-aiovg-video\"><div class=\"aiovg-player-container\" style=\"max-width: 100%;\"><div class=\"aiovg-player aiovg-player-iframe\" style=\"padding-bottom: 56.25%;\"><iframe loading=\"lazy\" src=\"https:\/\/www.animationsfilm.de\/?page_id=3744&#038;aiovg_type=id&#038;aiovg_video=3223&#038;poster=aHR0cHM6Ly93d3cuYW5pbWF0aW9uc2ZpbG0uZGUvd3AtY29udGVudC91cGxvYWRzLzIwMjUvMDMvR3J1ZW4tSS1NYXJrdXNXZW5kZS1TdGlsbC5qcGc.&#038;speed=0&#038;quality=0&#038;mp4=aHR0cHM6Ly93d3cuYW5pbWF0aW9uc2ZpbG0uZGUvd3AtY29udGVudC91cGxvYWRzLzIwMjUvMDMvR3J1ZW4tSS1NYXJrdXNXZW5kZS5tcDQ.\" title=\"\" width=\"560\" height=\"315\" frameborder=\"0\" scrolling=\"no\" allow=\"accelerometer; autoplay; clipboard-write; encrypted-media; gyroscope; picture-in-picture; web-share\" allowfullscreen><\/iframe><\/div><\/div><\/div>\n\n\n<h2 class=\"wp-block-heading has-text-align-left\">Ostergru\u00df mit H\u00fchnern<\/h2>\n\n\n<div class=\"wp-block-aiovg-video\"><div class=\"aiovg-player-container\" style=\"max-width: 100%;\"><div class=\"aiovg-player aiovg-player-iframe\" style=\"padding-bottom: 56.25%;\"><iframe loading=\"lazy\" src=\"https:\/\/www.animationsfilm.de\/?page_id=3744&#038;aiovg_type=id&#038;aiovg_video=3223&#038;poster=aHR0cHM6Ly93d3cuYW5pbWF0aW9uc2ZpbG0uZGUvd3AtY29udGVudC91cGxvYWRzLzIwMjUvMDMvT3N0ZXJncnVzcy1NYXJrdXNXZW5kZS5qcGc.&#038;speed=0&#038;quality=0&#038;mp4=aHR0cHM6Ly93d3cuYW5pbWF0aW9uc2ZpbG0uZGUvd3AtY29udGVudC91cGxvYWRzLzIwMjUvMDMvT3N0ZXJncnVzcy1NYXJrdXNXZW5kZS5tcDQ.\" title=\"\" width=\"560\" height=\"315\" frameborder=\"0\" scrolling=\"no\" allow=\"accelerometer; autoplay; clipboard-write; encrypted-media; gyroscope; picture-in-picture; web-share\" allowfullscreen><\/iframe><\/div><\/div><\/div>","protected":false},"excerpt":{"rendered":"<p>Kurze Animationen reizen mich besonders, da ich sie gerne als spontan kreative M\u00f6glichkeit nutze, mit Techniken und \u00c4sthetiken zu experimentieren. Besonders nett ist es nat\u00fcrlich, wenn sie dann auch noch irgendwie zum Einsatz kommen &#8211; als Beitrag zu einer Challenge, als Teil meines Unterrichts, als kleiner Auftrag, wie auch immer. Coming from Outer Space Dekonstruktion [&hellip;]<\/p>\n","protected":false},"author":2,"featured_media":0,"parent":0,"menu_order":0,"comment_status":"closed","ping_status":"closed","template":"","meta":{"footnotes":""},"class_list":["post-3223","page","type-page","status-publish","hentry","missing-thumbnail"],"_links":{"self":[{"href":"https:\/\/www.animationsfilm.de\/index.php?rest_route=\/wp\/v2\/pages\/3223","targetHints":{"allow":["GET"]}}],"collection":[{"href":"https:\/\/www.animationsfilm.de\/index.php?rest_route=\/wp\/v2\/pages"}],"about":[{"href":"https:\/\/www.animationsfilm.de\/index.php?rest_route=\/wp\/v2\/types\/page"}],"author":[{"embeddable":true,"href":"https:\/\/www.animationsfilm.de\/index.php?rest_route=\/wp\/v2\/users\/2"}],"replies":[{"embeddable":true,"href":"https:\/\/www.animationsfilm.de\/index.php?rest_route=%2Fwp%2Fv2%2Fcomments&post=3223"}],"version-history":[{"count":50,"href":"https:\/\/www.animationsfilm.de\/index.php?rest_route=\/wp\/v2\/pages\/3223\/revisions"}],"predecessor-version":[{"id":3895,"href":"https:\/\/www.animationsfilm.de\/index.php?rest_route=\/wp\/v2\/pages\/3223\/revisions\/3895"}],"wp:attachment":[{"href":"https:\/\/www.animationsfilm.de\/index.php?rest_route=%2Fwp%2Fv2%2Fmedia&parent=3223"}],"curies":[{"name":"wp","href":"https:\/\/api.w.org\/{rel}","templated":true}]}}