{"id":3777,"date":"2025-03-17T14:08:15","date_gmt":"2025-03-17T12:08:15","guid":{"rendered":"https:\/\/www.animationsfilm.de\/?page_id=3777"},"modified":"2025-03-18T10:35:53","modified_gmt":"2025-03-18T08:35:53","slug":"zwei-humoresken","status":"publish","type":"page","link":"https:\/\/www.animationsfilm.de\/?page_id=3777","title":{"rendered":"Zwei Humoresken"},"content":{"rendered":"\n<p>Zwei humorvolle Filme die sich mit mir selbst besch\u00e4ftigen und die beide innerhalb kurzer Produktionszeit im Rahmen einer Workshop-Session entstanden sind.<\/p>\n\n\n\n<h2 class=\"wp-block-heading\">Meine H\u00e4nde<\/h2>\n\n\n<div class=\"wp-block-aiovg-video\"><div class=\"aiovg-player-container\" style=\"max-width: 100%;\"><div class=\"aiovg-player aiovg-player-iframe\" style=\"padding-bottom: 56.25%;\"><iframe loading=\"lazy\" src=\"https:\/\/www.animationsfilm.de\/?page_id=3744&#038;aiovg_type=id&#038;aiovg_video=3777&#038;poster=aHR0cHM6Ly93d3cuYW5pbWF0aW9uc2ZpbG0uZGUvd3AtY29udGVudC91cGxvYWRzLzIwMjUvMDMvTWVpbmUtSGFlbmRlLUZpbG1zdGlsbC5wbmc.&#038;speed=0&#038;quality=0&#038;mp4=aHR0cHM6Ly93d3cuYW5pbWF0aW9uc2ZpbG0uZGUvd3AtY29udGVudC91cGxvYWRzLzIwMjUvMDMvTWVpbmUtSGFlbmRlLWJ5LU1hcmt1cy1XZW5kZS5tcDQ.\" title=\"\" width=\"560\" height=\"315\" frameborder=\"0\" scrolling=\"no\" allow=\"accelerometer; autoplay; clipboard-write; encrypted-media; gyroscope; picture-in-picture; web-share\" allowfullscreen><\/iframe><\/div><\/div><\/div>\n\n\n<div style=\"height:20px\" aria-hidden=\"true\" class=\"wp-block-spacer\"><\/div>\n\n\n\n<p>In &#8222;Meine H\u00e4nde&#8220; besch\u00e4ftige ich mich mit der f\u00fcr K\u00fcnstler*innen grausigen Vorstellung, was w\u00e4re, wenn ich meine H\u00e4nde verlieren w\u00fcrde. Aus meiner pers\u00f6nlich stets optimistischen Grundhaltung heraus habe ich den Gedanken als humorvoll kurzen Animationsfilm gestaltet.<\/p>\n\n\n\n<p>Digitale Animation, 1080p, 1 Min 40 Sek<br>Kompletterstellung von Markus Wende<\/p>\n\n\n\n<h2 class=\"wp-block-heading\">Die Farben des Wassers<\/h2>\n\n\n<div class=\"wp-block-aiovg-video\"><div class=\"aiovg-player-container\" style=\"max-width: 100%;\"><div class=\"aiovg-player aiovg-player-iframe\" style=\"padding-bottom: 56.25%;\"><iframe loading=\"lazy\" src=\"https:\/\/www.animationsfilm.de\/?page_id=3744&#038;aiovg_type=id&#038;aiovg_video=3777&#038;poster=aHR0cHM6Ly93d3cuYW5pbWF0aW9uc2ZpbG0uZGUvd3AtY29udGVudC91cGxvYWRzLzIwMjUvMDMvRGllLUZhcmJlbi1kZXMtV2Fzc2Vycy1GaWxtc3RpbGwucG5n&#038;mp4=aHR0cHM6Ly93d3cuYW5pbWF0aW9uc2ZpbG0uZGUvd3AtY29udGVudC91cGxvYWRzLzIwMjUvMDMvRGllLUZhcmJlbi1kZXMtV2Fzc2Vycy1ieS1NYXJrdXMtV2VuZGUubXA0\" title=\"\" width=\"560\" height=\"315\" frameborder=\"0\" scrolling=\"no\" allow=\"accelerometer; autoplay; clipboard-write; encrypted-media; gyroscope; picture-in-picture; web-share\" allowfullscreen><\/iframe><\/div><\/div><\/div>\n\n\n<div style=\"height:20px\" aria-hidden=\"true\" class=\"wp-block-spacer\"><\/div>\n\n\n\n<p>Dieser Film ist eine mit viel Witz ausgestattete Selbstbeobachtung im Angesicht t\u00e4glicher Querelen und meines Umgangs damit. <\/p>\n\n\n\n<p>Digitale Animation, 1080p, 1 Min 37 Sek<br>Kompletterstellung von Markus Wende<\/p>\n","protected":false},"excerpt":{"rendered":"<p>Zwei humorvolle Filme die sich mit mir selbst besch\u00e4ftigen und die beide innerhalb kurzer Produktionszeit im Rahmen einer Workshop-Session entstanden sind. Meine H\u00e4nde In &#8222;Meine H\u00e4nde&#8220; besch\u00e4ftige ich mich mit der f\u00fcr K\u00fcnstler*innen grausigen Vorstellung, was w\u00e4re, wenn ich meine H\u00e4nde verlieren w\u00fcrde. Aus meiner pers\u00f6nlich stets optimistischen Grundhaltung heraus habe ich den Gedanken als [&hellip;]<\/p>\n","protected":false},"author":2,"featured_media":0,"parent":0,"menu_order":0,"comment_status":"closed","ping_status":"closed","template":"","meta":{"footnotes":""},"class_list":["post-3777","page","type-page","status-publish","hentry","missing-thumbnail"],"_links":{"self":[{"href":"https:\/\/www.animationsfilm.de\/index.php?rest_route=\/wp\/v2\/pages\/3777","targetHints":{"allow":["GET"]}}],"collection":[{"href":"https:\/\/www.animationsfilm.de\/index.php?rest_route=\/wp\/v2\/pages"}],"about":[{"href":"https:\/\/www.animationsfilm.de\/index.php?rest_route=\/wp\/v2\/types\/page"}],"author":[{"embeddable":true,"href":"https:\/\/www.animationsfilm.de\/index.php?rest_route=\/wp\/v2\/users\/2"}],"replies":[{"embeddable":true,"href":"https:\/\/www.animationsfilm.de\/index.php?rest_route=%2Fwp%2Fv2%2Fcomments&post=3777"}],"version-history":[{"count":2,"href":"https:\/\/www.animationsfilm.de\/index.php?rest_route=\/wp\/v2\/pages\/3777\/revisions"}],"predecessor-version":[{"id":3838,"href":"https:\/\/www.animationsfilm.de\/index.php?rest_route=\/wp\/v2\/pages\/3777\/revisions\/3838"}],"wp:attachment":[{"href":"https:\/\/www.animationsfilm.de\/index.php?rest_route=%2Fwp%2Fv2%2Fmedia&parent=3777"}],"curies":[{"name":"wp","href":"https:\/\/api.w.org\/{rel}","templated":true}]}}