{"id":44,"date":"2008-09-05T22:06:50","date_gmt":"2008-09-05T20:06:50","guid":{"rendered":"http:\/\/www.turbotoons.de\/animationsfilm2\/?page_id=44"},"modified":"2025-03-07T15:31:29","modified_gmt":"2025-03-07T13:31:29","slug":"childrens-sausage","status":"publish","type":"page","link":"https:\/\/www.animationsfilm.de\/?page_id=44","title":{"rendered":"Children&#8217;s Sausage"},"content":{"rendered":"\n<figure class=\"wp-block-image\"><img decoding=\"async\" src=\"http:\/\/www.animationsfilm.de\/wp-content\/uploads\/2008\/09\/childrenssausagebild.jpg\" alt=\"\" style=\"object-fit:cover\"\/><\/figure>\n\n\n\n<p><strong>Ein animierter Horrorfilm<br>von Markus Wende und Andreas Rohde<\/strong><br>Produktion: Atelier f\u00fcr Animationsfilm Berlin<br>Dramaturgie: Karla Schmidt<br>Deutschland 2006, 3.30 Min, Mono<\/p>\n\n\n<div class=\"wp-block-aiovg-video\"><div class=\"aiovg-player-container\" style=\"max-width: 100%;\"><div class=\"aiovg-player aiovg-player-iframe\" style=\"padding-bottom: 56.25%;\"><iframe loading=\"lazy\" src=\"https:\/\/www.animationsfilm.de\/?page_id=3744&#038;aiovg_type=id&#038;aiovg_video=44&#038;poster=aHR0cHM6Ly93d3cuYW5pbWF0aW9uc2ZpbG0uZGUvd3AtY29udGVudC91cGxvYWRzLzIwMjUvMDMvQ2hpbGRyZW5zLVNhdXNhZ2UtU3RpbGwucG5n&#038;speed=0&#038;quality=0&#038;mp4=aHR0cHM6Ly93d3cuYW5pbWF0aW9uc2ZpbG0uZGUvd3AtY29udGVudC91cGxvYWRzLzIwMjUvMDMvQ2hpbGRyZW5zLVNhdXNhZ2UtYnktTWFya3VzLVdlbmRlLXdlYi5tcDQ.\" title=\"\" width=\"560\" height=\"315\" frameborder=\"0\" scrolling=\"no\" allow=\"accelerometer; autoplay; clipboard-write; encrypted-media; gyroscope; picture-in-picture; web-share\" allowfullscreen><\/iframe><\/div><\/div><\/div>\n\n\n<div style=\"height:40px\" aria-hidden=\"true\" class=\"wp-block-spacer\"><\/div>\n\n\n\n<p class=\"has-text-align-left\"><strong>ENTSTEHUNG DES FILMS UND PREISVERLEIHUNG<\/strong><br>Der Film entstand innerhalb von 3 Tagen Ende M\u00e4rz 2006 f\u00fcr das Britspotting Horror Video Challenge&nbsp; in Berlin. Zum Starttermin am Donnerstag den 30. M\u00e4rz um 18 Uhr bekamen wir 3 Begriffe genannt, die in dem 3 min\u00fctigen Film vorkommen mussten &#8211; wie, blieb den Filmemachern \u00fcberlassen. Wir notierten uns &#8222;Swimming Pool, Lachen und Zahnstocher&#8220; und legten los. Deadline f\u00fcr die Abgabe des fertigen Films auf DVD: Sonntag Abend um 22 Uhr.<\/p>\n\n\n\n<p class=\"has-text-align-left\"><strong>Donnerstag: Story, Storyboard, Animatic<br>Freitag: Animation<br>Samstag: Animation<br>Sonntag: Stimmenaufnahme, Vertonung, Rendern, Abgabe<\/strong><\/p>\n\n\n\n<p class=\"has-text-align-left\">Alle 30 Wettbewerbsfilme wurden am Sonntag den 23. April 2006 im Acud-Kino in Berlin gezeigt. Aus den Beitr\u00e4gen wurde \u201eChildren\u2019s Sausage\u201c von der internationalen Jury als \u201eThird Best Horror Video\u201c ausgezeichnet, und mit einem professionellen Special Effects Schminkkoffer honoriert.<\/p>\n\n\n\n<p class=\"has-text-align-left\">Da uns bei der Produktion so kurzfristig weder ein Tonstudio noch professionelle Sprecher zur Verf\u00fcgung standen, entscheiden wir uns, computergenerierte Dialoge zu verwenden. Der dadurch entstandene Verfremdungseffekt wurde von der Jury als besonders gelungen hervorgehoben.<\/p>\n\n\n\n<p class=\"has-text-align-left\"><strong>CREDITS<\/strong><br>Idee: Markus Wende, Andreas Rohde, Karla Schmidt<br>Dramaturgische Beratung: Karla Schmidt<br>Animation: Andreas Rohde, Markus Wende<br>Flash-Compositing: Markus Wende<br>Kinderstimmen: Lucy und Maja Wende<br>Soundbearbeitung: Markus Wende<br>Musik: Stefan Barkhoff<\/p>\n","protected":false},"excerpt":{"rendered":"<p>Ein animierter Horrorfilmvon Markus Wende und Andreas RohdeProduktion: Atelier f\u00fcr Animationsfilm BerlinDramaturgie: Karla SchmidtDeutschland 2006, 3.30 Min, Mono ENTSTEHUNG DES FILMS UND PREISVERLEIHUNGDer Film entstand innerhalb von 3 Tagen Ende M\u00e4rz 2006 f\u00fcr das Britspotting Horror Video Challenge&nbsp; in Berlin. Zum Starttermin am Donnerstag den 30. M\u00e4rz um 18 Uhr bekamen wir 3 Begriffe genannt, [&hellip;]<\/p>\n","protected":false},"author":2,"featured_media":0,"parent":0,"menu_order":1,"comment_status":"open","ping_status":"closed","template":"","meta":{"footnotes":""},"class_list":["post-44","page","type-page","status-publish","hentry","missing-thumbnail"],"_links":{"self":[{"href":"https:\/\/www.animationsfilm.de\/index.php?rest_route=\/wp\/v2\/pages\/44","targetHints":{"allow":["GET"]}}],"collection":[{"href":"https:\/\/www.animationsfilm.de\/index.php?rest_route=\/wp\/v2\/pages"}],"about":[{"href":"https:\/\/www.animationsfilm.de\/index.php?rest_route=\/wp\/v2\/types\/page"}],"author":[{"embeddable":true,"href":"https:\/\/www.animationsfilm.de\/index.php?rest_route=\/wp\/v2\/users\/2"}],"replies":[{"embeddable":true,"href":"https:\/\/www.animationsfilm.de\/index.php?rest_route=%2Fwp%2Fv2%2Fcomments&post=44"}],"version-history":[{"count":31,"href":"https:\/\/www.animationsfilm.de\/index.php?rest_route=\/wp\/v2\/pages\/44\/revisions"}],"predecessor-version":[{"id":3767,"href":"https:\/\/www.animationsfilm.de\/index.php?rest_route=\/wp\/v2\/pages\/44\/revisions\/3767"}],"wp:attachment":[{"href":"https:\/\/www.animationsfilm.de\/index.php?rest_route=%2Fwp%2Fv2%2Fmedia&parent=44"}],"curies":[{"name":"wp","href":"https:\/\/api.w.org\/{rel}","templated":true}]}}