{"id":57,"date":"2008-09-06T08:56:21","date_gmt":"2008-09-06T06:56:21","guid":{"rendered":"http:\/\/www.turbotoons.de\/animationsfilm2\/?page_id=57"},"modified":"2025-03-07T15:52:04","modified_gmt":"2025-03-07T13:52:04","slug":"festung-europa","status":"publish","type":"page","link":"https:\/\/www.animationsfilm.de\/?page_id=57","title":{"rendered":"Festung Europa"},"content":{"rendered":"\n<figure class=\"wp-block-image\"><img decoding=\"async\" src=\"http:\/\/www.animationsfilm.de\/wp-content\/uploads\/2008\/09\/festung_europa_still.jpg\" alt=\"\"\/><\/figure>\n\n\n\n<p class=\"has-text-align-center\"><strong>FESTUNG EUROPA<\/strong><br>Animationsfilm, Deutschland 1996, <br>7.30 Min, 16mm Blowup auf 35mm<br><br>Regie, Animation, Realisiation: Markus Wende<br>Ton, Musik, Gesang: Frank Delle<br>Kameraassistenz: Karla Schmidt<br>Stimmen: Madeleine Fink, Fatimah Kussebi, Frank Delle, Markus Wende<\/p>\n\n\n<div class=\"wp-block-aiovg-video\"><div class=\"aiovg-player-container\" style=\"max-width: 100%;\"><div class=\"aiovg-player aiovg-player-iframe\" style=\"padding-bottom: 56.25%;\"><iframe loading=\"lazy\" src=\"https:\/\/www.animationsfilm.de\/?page_id=3744&#038;aiovg_type=id&#038;aiovg_video=57&#038;poster=aHR0cHM6Ly93d3cuYW5pbWF0aW9uc2ZpbG0uZGUvd3AtY29udGVudC91cGxvYWRzLzIwMjUvMDMvRmVzdHVuZy1FdXJvcGEtU3RpbGwucG5n&#038;speed=0&#038;quality=0&#038;mp4=aHR0cHM6Ly93d3cuYW5pbWF0aW9uc2ZpbG0uZGUvd3AtY29udGVudC91cGxvYWRzLzIwMjUvMDMvRmVzdHVuZy1FdXJvcGEtYnktTWFya3VzLVdlbmRlLm1wNA..\" title=\"\" width=\"560\" height=\"315\" frameborder=\"0\" scrolling=\"no\" allow=\"accelerometer; autoplay; clipboard-write; encrypted-media; gyroscope; picture-in-picture; web-share\" allowfullscreen><\/iframe><\/div><\/div><\/div>\n\n\n<div style=\"height:40px\" aria-hidden=\"true\" class=\"wp-block-spacer\"><\/div>\n\n\n\n<p class=\"has-text-align-left\"><strong>SYNOPSIS<\/strong><br>Wohlstandsb\u00fcrger vergn\u00fcgen sich in einem von Soldaten bewachten Swimmingpool. Ein Aufstand der Armen st\u00f6rt die Idylle, Blut flie\u00dft, doch die Reichen lassen sich nicht beirren.<\/p>\n\n\n\n<p class=\"has-text-align-left\"><strong>HINTERGRUNDINFOS<\/strong><br>Festung Europa entstand als Vordiplomfilm an der HFF Potsdam Babelsberg. Thematisch wurde er durch die Arbeit in der K\u00fcnstlergruppe \u201eNeue Anst\u00e4ndigkeit\u201c inspiriert. Ausgangsmaterial f\u00fcr den Film war ein \u00d6lgem\u00e4lde von Christan Saehrendt, das durch Animation interpretiert und weiter erz\u00e4hlt wurde. Die grobe Malweise des Bildes wurde auf den Film \u00fcbertragen und in einigen Einstellungen \u00e4sthetisch verst\u00e4rkt, indem mit \u00d6lfarben auf einer Glasscheibe unter der 16mm Kamera direkt animiert wurde. Der Film stellt eine vereinfachte Sichtweise auf die kontinuierlich aktuelle Fl\u00fcchtlingsproblematik in Europa dar. Im Februar 2006 wurde er von der Filmbewertungsstelle Wiesbaden zum Film des Monats gek\u00fcrt und erhielt das \u201ePr\u00e4dikat besonders Wertvoll\u201c.<\/p>\n\n\n\n<p class=\"has-text-align-left\"><strong>HERSTELLUNG<\/strong><br>Zum Gro\u00dfteil wurden Folien pastos mit Acrylfarbe bemalt und mit in \u00d6l gefertigten Hintergr\u00fcnden kombiniert. Die Animation der Figuren erfolgte durch \u00dcberblendtechnik. Eine symbolisch den Kriegszustand zwischen Arm und Reich beschreibende Szene wurde mit \u00d6lfarbe auf Glas direkt unter der Kamera animiert.<\/p>\n\n\n\n<p class=\"has-text-align-left\"><strong>AUSZEICHNUNGEN UND PREISE<\/strong><br>&#8211; Pr\u00e4dikat besonders Wertvoll der Filmbewertungsstelle Wiesbaden im Februar 2006<br>&#8211; Film des Monats Februar 2006 der Filmbewertungsstelle Wiesbaden<br>&#8211; 3. Preis in der Kategorie Studentenfilm und 25tsd Peseten bei der \u201e7. Exp. Cinema Week\u201c in Madrid 1997<br>&#8211; Global Vision Award und Certificate of Appreciaton beim World Population Film\/Video Festival 1997 in Bernardston, MA, USA<br>&#8211; Ebenseer B\u00e4r in Silber beim 24. Festival der Nationen 1997 in Ebensee am Traunsee, \u00d6sterreich<br>&#8211; Lobende Erw\u00e4hnung in der Kategorie Animation beim UFVA Student Film &amp; Video Festival 1996 in Orange, California<\/p>\n\n\n\n<p class=\"has-text-align-left\"><strong>FESTIVALS<\/strong><br>Festung Europa wurde auf \u00fcber 40 internationalen Filmfestivals gezeigt. Unter anderen beim:<br>&#8211; SURPRISE Int. Short Film Festival 1998 in Taichung\/Taiwan<br>&#8211; 3rd Manchester Int. Short Film &amp; Video Festival 1997 in Manchester, Gro\u00dfbritannien<br>&#8211; 7th Experimental Cinema Week Madrid 1997<br>&#8211; International Ankara Film Festival Ankara 1997<br>&#8211; Int. Leipziger Festival f\u00fcr Dokumentar- und Animationsfilm 1996<br>&#8211; UFVA Student Film &amp; Video Festival 1996 in Orange, California<\/p>\n\n\n\n<p class=\"has-text-align-left\"><strong>GUTACHTEN DER FILMBEWERTUNGSSTELLE WIESBADEN (Kurzfassung, Februar 2006)<\/strong><br>Grob gemalt und bewusst unsauber animiert, ist dieser k\u00fcnstlerisch durchgefeilte und ausdrucksstarke Zeichentrickfilm eine Provokation. Man sp\u00fcrt die Wut des Filmemachers auf die satten europ\u00e4ischen Wohlstandsb\u00fcrger, die er als vier exemplarische Typen in einem Swimmingpool zeigt, in dem sie es sich bei Reiseb\u00fcro-Musik wohl gehen lassen, w\u00e4hrend die hungernden Massen aus den L\u00e4ndern der Dritten Welt sich auf den von Sicherheitskr\u00e4ften bewachten Pool zubewegen. (&#8230;)<\/p>\n\n\n\n<p class=\"has-text-align-left\">Da die Inspiration zu diesem farbenpr\u00e4chtigen Film ein \u00d6lgem\u00e4lde ist, hat der Filmemacher konsequent einen Animationsstil gew\u00e4hlt, der immer wie mit breitem Strich gemalt wirkt: Mut zur Farbe, Mut zur Grobheit. Und obwohl der Film wie ein Aufschrei wirkt und als solcher bewusst \u201eprimitiv\u201c gehalten ist, kann man darin doch solche subtilen Andeutungen wie das Zitat eines Goya-Gem\u00e4ldes finden &#8211; in der Szene, in der die Sicherheitskr\u00e4fte ein Massaker unter den Belagerern anrichten.<\/p>\n\n\n\n<p class=\"has-text-align-left\">Auch die Sequenz, in der das Poolwasser sich mit Blut f\u00e4rbt, mag zwar plakativ sein, ist aber gerade deshalb extrem wirkungsvoll. Die FBW-Jury war sehr davon beeindruckt, dass dieser 1995 entstandene Kurzfilm selbst zehn Jahre sp\u00e4ter nichts von seiner Aktualit\u00e4t eingeb\u00fc\u00dft hat, ja im Grunde noch zutreffender als damals die herrschenden Zust\u00e4nde auf einen k\u00fcnstlerisch radikal verdichteten Punkt bringt.<\/p>\n\n\n\n<p class=\"has-text-align-left\"><strong>PRESSESTIMMEN<\/strong><br>&#8230; Rabenschwarzer Humor kennzeichnet einen weiteren Animationsfilm. Markus Wendes &#8222;Festung Europa&#8220;, in dem dickb\u00e4uchige Wohlstandsb\u00fcrger ihren Swimmingpool vom Milit\u00e4r bewachen lassen. Als sich Einwanderer aus der Dritten Welt n\u00e4hern, wird auf sie geschossen, aber das Blut kann niemand aufhalten: gnadenlos str\u00f6mt es in den Pool.<br>Frank Noak, Das Blut flie\u00dft in den Pool, Nachwuchs im Schnelldurchlauf, Tagesspiegel, Berlin, 4.6.1996<\/p>\n","protected":false},"excerpt":{"rendered":"<p>FESTUNG EUROPAAnimationsfilm, Deutschland 1996, 7.30 Min, 16mm Blowup auf 35mm Regie, Animation, Realisiation: Markus WendeTon, Musik, Gesang: Frank DelleKameraassistenz: Karla SchmidtStimmen: Madeleine Fink, Fatimah Kussebi, Frank Delle, Markus Wende SYNOPSISWohlstandsb\u00fcrger vergn\u00fcgen sich in einem von Soldaten bewachten Swimmingpool. Ein Aufstand der Armen st\u00f6rt die Idylle, Blut flie\u00dft, doch die Reichen lassen sich nicht beirren. HINTERGRUNDINFOSFestung [&hellip;]<\/p>\n","protected":false},"author":2,"featured_media":0,"parent":0,"menu_order":1,"comment_status":"closed","ping_status":"closed","template":"","meta":{"footnotes":""},"class_list":["post-57","page","type-page","status-publish","hentry","missing-thumbnail"],"_links":{"self":[{"href":"https:\/\/www.animationsfilm.de\/index.php?rest_route=\/wp\/v2\/pages\/57","targetHints":{"allow":["GET"]}}],"collection":[{"href":"https:\/\/www.animationsfilm.de\/index.php?rest_route=\/wp\/v2\/pages"}],"about":[{"href":"https:\/\/www.animationsfilm.de\/index.php?rest_route=\/wp\/v2\/types\/page"}],"author":[{"embeddable":true,"href":"https:\/\/www.animationsfilm.de\/index.php?rest_route=\/wp\/v2\/users\/2"}],"replies":[{"embeddable":true,"href":"https:\/\/www.animationsfilm.de\/index.php?rest_route=%2Fwp%2Fv2%2Fcomments&post=57"}],"version-history":[{"count":16,"href":"https:\/\/www.animationsfilm.de\/index.php?rest_route=\/wp\/v2\/pages\/57\/revisions"}],"predecessor-version":[{"id":3775,"href":"https:\/\/www.animationsfilm.de\/index.php?rest_route=\/wp\/v2\/pages\/57\/revisions\/3775"}],"wp:attachment":[{"href":"https:\/\/www.animationsfilm.de\/index.php?rest_route=%2Fwp%2Fv2%2Fmedia&parent=57"}],"curies":[{"name":"wp","href":"https:\/\/api.w.org\/{rel}","templated":true}]}}